{"id":658,"date":"2016-01-14T14:19:20","date_gmt":"2016-01-14T14:19:20","guid":{"rendered":"http:\/\/themes.leap13.com\/wiz\/bakery\/?page_id=658"},"modified":"2019-10-30T14:35:36","modified_gmt":"2019-10-30T14:35:36","slug":"blog","status":"publish","type":"page","link":"https:\/\/www.quintadoscogumelos.com.br\/site\/blog\/","title":{"rendered":"Blog"},"content":{"rendered":"<p>[vc_row][vc_column]<div id=\"leap-blog-1\" class=\"blog-wrapper\">\n\t<style type=\"text\/css\" scoped>\n\t\t#leap-blog-1 .blog-rightleft-image .entry-header .default-featured-image, #leap-blog-1 .archive-rightleft-image .entry-header .default-featured-image, #leap-blog-1 .blog-rightleft-image .entry-header .featured-image, .archive-rightleft-image .entry-header .featured-image {\n\t\t\theight: 570px;\n\t\t}\n\t<\/style>\n\t<div class=\"entry-layout blog-large-modern\">            \n                            <div id=\"post-4590\" class=\"post-4590 post type-post status-publish format-standard has-post-thumbnail hentry category-dicas\">\n                    <div class=\"entry-wrapper\">\n                        <div class=\"entry-header\">\n                                                                    <div class=\"entry-head\">\t\t\t\t\n                                            <div class=\"post-img\">\n                                                <div class=\"leap-overlay item-img\">\n                                                    <img loading=\"lazy\" decoding=\"async\" width=\"750\" height=\"422\"  itemprop=\"image\" src=\"https:\/\/www.quintadoscogumelos.com.br\/site\/wp-content\/uploads\/2019\/10\/como-lidar-com-os-cogumelos.jpg\" class=\"attachment-leap-portfolio-1col size-leap-portfolio-1col wp-post-image\" alt=\"\"  itemprop=\"image\" srcset=\"https:\/\/www.quintadoscogumelos.com.br\/site\/wp-content\/uploads\/2019\/10\/como-lidar-com-os-cogumelos.jpg 750w, https:\/\/www.quintadoscogumelos.com.br\/site\/wp-content\/uploads\/2019\/10\/como-lidar-com-os-cogumelos-300x169.jpg 300w, https:\/\/www.quintadoscogumelos.com.br\/site\/wp-content\/uploads\/2019\/10\/como-lidar-com-os-cogumelos-567x319.jpg 567w\" sizes=\"(max-width: 750px) 100vw, 750px\" \/>                                                    <div class=\"item-overlay\">\n                                                        <div class=\"item-img-color\"><\/div>\n                                                        <div class=\"item-details\">\n                                                            <div class=\"item-links\">\n                                                                <a class=\"item-link\" href=\"https:\/\/www.quintadoscogumelos.com.br\/site\/como-lidar-com-os-cogumelos\/\" title=\"Como lidar com os Cogumelos\">Link<\/a>\n                                                                <a class=\"enlarge\" data-rel=\"prettyPhoto\" href=\"https:\/\/www.quintadoscogumelos.com.br\/site\/wp-content\/uploads\/2019\/10\/como-lidar-com-os-cogumelos.jpg\" title=\"Como lidar com os Cogumelos\">\n                                                                    Enlarge                                                                <\/a>\n                                                            <\/div>\n                                                        <\/div>\n                                                    <\/div>\n\n                                                <\/div>\n                                            <\/div>\n                                        <\/div>\n                                                                                                                                                    <\/div>\n\n                        <div class=\"entry-content\">\n\n                            \n                                <div class=\"entry-info\">\n                                                                            <div class=\"post-icon\"><a class=\"dashicons dashicons-format-standard\" title=\"Padr\u00e3o\" href=\"\"><\/a><\/div>\n                                    \n                                                                            <h2 class=\"entry-title\"><a href=\"https:\/\/www.quintadoscogumelos.com.br\/site\/como-lidar-com-os-cogumelos\/\" title=\"Como lidar com os Cogumelos\">Como lidar com os Cogumelos<\/a><\/h2>\n                                    \n                                    <div class=\"entry-meta\"> <small class=\"entry-date small\"><i class=\"fa fa-calendar\"><\/i> <a href=\"https:\/\/www.quintadoscogumelos.com.br\/site\/como-lidar-com-os-cogumelos\/\">31 de outubro de 2019<\/a><\/small><small class=\"entry-category small\"><i class=\"fa fa-align-left\"><\/i> <a href=\"https:\/\/www.quintadoscogumelos.com.br\/site\/category\/dicas\/\" rel=\"category tag\">Dicas<\/a><\/small><\/div>\n                                <\/div>\n\n                            \n                                                                                                                    <div class=\"post-content\">\n                                    [vc_row][vc_column][vc_column_text] A validade dos cogumelos \u00e9 bem relativa, j\u00e1 que depende bastante da forma como s\u00e3o produzidos, e principalmente dos cuidados que o produtor toma imediatamente ap\u00f3s a colheita. Como n\u00e3o se consegue ter essas informa\u00e7\u00f5es no ato da compra, melhor consumi-los em at\u00e9 uns 5 dias, para maior garantia do sabor original. Ap\u00f3s, eles[...]                                <\/div>\n                                                        \n                            \n                        <\/div>\n\n                        <div class=\"entry-footer\">\n                            \t<div class=\"leap-share-buttons\">\n\t\t<div class=\"pull-left\">Compartilhe Isso<\/div>\n\t\t<div class=\"pull-right\">\n\t\t\t<a data-toggle=\"tooltip\" data-placement=\"top\" href=\"https:\/\/www.facebook.com\/sharer\/sharer.php?u=https%3A%2F%2Fwww.quintadoscogumelos.com.br%2Fsite%2Fcomo-lidar-com-os-cogumelos%2F\" title=\"Facebook\"><i class=\"fa fa-facebook\"><\/i><\/a><a data-toggle=\"tooltip\" data-placement=\"top\" href=\"http:\/\/twitter.com\/share?text=Como+lidar+com+os+Cogumelos&amp;url=https%3A%2F%2Fwww.quintadoscogumelos.com.br%2Fsite%2Fcomo-lidar-com-os-cogumelos%2F\" title=\"Twitter\"><i class=\"fa fa-twitter\"><\/i><\/a><a data-toggle=\"tooltip\" data-placement=\"top\" href=\"http:\/\/linkedin.com\/shareArticle?mini=true&amp;url=https%3A%2F%2Fwww.quintadoscogumelos.com.br%2Fsite%2Fcomo-lidar-com-os-cogumelos%2F&amp;title=Como+lidar+com+os+Cogumelos\" title=\"Linkedin\"><i class=\"fa fa-linkedin\"><\/i><\/a><a data-toggle=\"tooltip\" data-placement=\"top\" href=\"https:\/\/plus.google.com\/share?url=https%3A%2F%2Fwww.quintadoscogumelos.com.br%2Fsite%2Fcomo-lidar-com-os-cogumelos%2F\" onclick=\"javascript:window.open(this.href,&quot;&quot;, &quot;menubar=no,toolbar=no,resizable=yes,scrollbars=yes,height=600,width=600&quot;);return false;\" title=\"Google+\"><i class=\"fa fa-google-plus\"><\/i><\/a><a data-toggle=\"tooltip\" data-placement=\"top\" href=\"http:\/\/pinterest.com\/pin\/create\/button\/?url=https%3A%2F%2Fwww.quintadoscogumelos.com.br%2Fsite%2Fcomo-lidar-com-os-cogumelos%2F&amp;description=Como+lidar+com+os+Cogumelos&amp;media=https%3A%2F%2Fwww.quintadoscogumelos.com.br%2Fsite%2Fwp-content%2Fuploads%2F2019%2F10%2Fcomo-lidar-com-os-cogumelos.jpg\" title=\"Pinterest\"><i class=\"fa fa-pinterest\"><\/i><\/a>\t\t<\/div>\n\t<\/div>\n                        <\/div> \n                    <\/div>\n                <\/div>\n            \n\n\n\n\n\n                        \n                            <div id=\"post-4556\" class=\"post-4556 post type-post status-publish format-standard has-post-thumbnail hentry category-eventos\">\n                    <div class=\"entry-wrapper\">\n                        <div class=\"entry-header\">\n                                                                    <div class=\"entry-head\">\t\t\t\t\n                                            <div class=\"post-img\">\n                                                <div class=\"leap-overlay item-img\">\n                                                    <img loading=\"lazy\" decoding=\"async\" width=\"750\" height=\"398\"  itemprop=\"image\" src=\"https:\/\/www.quintadoscogumelos.com.br\/site\/wp-content\/uploads\/2019\/10\/chamada-feito-em-sp.jpg\" class=\"attachment-leap-portfolio-1col size-leap-portfolio-1col wp-post-image\" alt=\"\"  itemprop=\"image\" srcset=\"https:\/\/www.quintadoscogumelos.com.br\/site\/wp-content\/uploads\/2019\/10\/chamada-feito-em-sp.jpg 750w, https:\/\/www.quintadoscogumelos.com.br\/site\/wp-content\/uploads\/2019\/10\/chamada-feito-em-sp-300x159.jpg 300w, https:\/\/www.quintadoscogumelos.com.br\/site\/wp-content\/uploads\/2019\/10\/chamada-feito-em-sp-567x301.jpg 567w\" sizes=\"(max-width: 750px) 100vw, 750px\" \/>                                                    <div class=\"item-overlay\">\n                                                        <div class=\"item-img-color\"><\/div>\n                                                        <div class=\"item-details\">\n                                                            <div class=\"item-links\">\n                                                                <a class=\"item-link\" href=\"https:\/\/www.quintadoscogumelos.com.br\/site\/quinta-dos-cogumelos-foi-1-dos-4-produtores-semifinalistas-do-feito-em-sp-2019-que-reuniu-restaurantes-e-produtores-de-39-cidades-da-regiao\/\" title=\"Quinta dos Cogumelos foi 1 dos 4 produtores semifinalistas do \u201cFeito em SP\u201d, 2019, que reuniu restaurantes e produtores de 39 cidades da regi\u00e3o\">Link<\/a>\n                                                                <a class=\"enlarge\" data-rel=\"prettyPhoto\" href=\"https:\/\/www.quintadoscogumelos.com.br\/site\/wp-content\/uploads\/2019\/10\/chamada-feito-em-sp.jpg\" title=\"Quinta dos Cogumelos foi 1 dos 4 produtores semifinalistas do \u201cFeito em SP\u201d, 2019, que reuniu restaurantes e produtores de 39 cidades da regi\u00e3o\">\n                                                                    Enlarge                                                                <\/a>\n                                                            <\/div>\n                                                        <\/div>\n                                                    <\/div>\n\n                                                <\/div>\n                                            <\/div>\n                                        <\/div>\n                                                                                                                                                    <\/div>\n\n                        <div class=\"entry-content\">\n\n                            \n                                <div class=\"entry-info\">\n                                                                            <div class=\"post-icon\"><a class=\"dashicons dashicons-format-standard\" title=\"Padr\u00e3o\" href=\"\"><\/a><\/div>\n                                    \n                                                                            <h2 class=\"entry-title\"><a href=\"https:\/\/www.quintadoscogumelos.com.br\/site\/quinta-dos-cogumelos-foi-1-dos-4-produtores-semifinalistas-do-feito-em-sp-2019-que-reuniu-restaurantes-e-produtores-de-39-cidades-da-regiao\/\" title=\"Quinta dos Cogumelos foi 1 dos 4 produtores semifinalistas do \u201cFeito em SP\u201d, 2019, que reuniu restaurantes e produtores de 39 cidades da regi\u00e3o\">Quinta dos Cogumelos foi 1 dos 4 produtores semifinalistas do \u201cFeito em SP\u201d, 2019, que reuniu restaurantes e produtores de 39 cidades da regi\u00e3o<\/a><\/h2>\n                                    \n                                    <div class=\"entry-meta\"> <small class=\"entry-date small\"><i class=\"fa fa-calendar\"><\/i> <a href=\"https:\/\/www.quintadoscogumelos.com.br\/site\/quinta-dos-cogumelos-foi-1-dos-4-produtores-semifinalistas-do-feito-em-sp-2019-que-reuniu-restaurantes-e-produtores-de-39-cidades-da-regiao\/\">30 de outubro de 2019<\/a><\/small><small class=\"entry-category small\"><i class=\"fa fa-align-left\"><\/i> <a href=\"https:\/\/www.quintadoscogumelos.com.br\/site\/category\/eventos\/\" rel=\"category tag\">Eventos<\/a><\/small><\/div>\n                                <\/div>\n\n                            \n                                                                                                                    <div class=\"post-content\">\n                                    [vc_row][vc_column][vc_column_text] Taubat\u00e9 recebeu no dia 15 de outubro (ter\u00e7a-feira), o Festival Gastron\u00f4mico Feito em SP. Oito representantes dos munic\u00edpios das regi\u00f5es Vale do Para\u00edba, Litoral Norte e Serra da Mantiqueira foram selecionados e puderam apresentar seus produtos aos jurados, que fizeram a escolha dos finalistas. [\/vc_column_text][vc_single_image image=&#8221;4588&#8243; img_size=&#8221;full&#8221; alignment=&#8221;center&#8221;][vc_column_text] A Quinta dos Cogumelos estava l\u00e1,[...]                                <\/div>\n                                                        \n                            \n                        <\/div>\n\n                        <div class=\"entry-footer\">\n                            \t<div class=\"leap-share-buttons\">\n\t\t<div class=\"pull-left\">Compartilhe Isso<\/div>\n\t\t<div class=\"pull-right\">\n\t\t\t<a data-toggle=\"tooltip\" data-placement=\"top\" href=\"https:\/\/www.facebook.com\/sharer\/sharer.php?u=https%3A%2F%2Fwww.quintadoscogumelos.com.br%2Fsite%2Fquinta-dos-cogumelos-foi-1-dos-4-produtores-semifinalistas-do-feito-em-sp-2019-que-reuniu-restaurantes-e-produtores-de-39-cidades-da-regiao%2F\" title=\"Facebook\"><i class=\"fa fa-facebook\"><\/i><\/a><a data-toggle=\"tooltip\" data-placement=\"top\" href=\"http:\/\/twitter.com\/share?text=Quinta+dos+Cogumelos+foi+1+dos+4+produtores+semifinalistas+do+%E2%80%9CFeito+em+SP%E2%80%9D%2C+2019%2C+que+reuniu+restaurantes+e+produtores+de+39+cidades+da+regi%C3%A3o&amp;url=https%3A%2F%2Fwww.quintadoscogumelos.com.br%2Fsite%2Fquinta-dos-cogumelos-foi-1-dos-4-produtores-semifinalistas-do-feito-em-sp-2019-que-reuniu-restaurantes-e-produtores-de-39-cidades-da-regiao%2F\" title=\"Twitter\"><i class=\"fa fa-twitter\"><\/i><\/a><a data-toggle=\"tooltip\" data-placement=\"top\" href=\"http:\/\/linkedin.com\/shareArticle?mini=true&amp;url=https%3A%2F%2Fwww.quintadoscogumelos.com.br%2Fsite%2Fquinta-dos-cogumelos-foi-1-dos-4-produtores-semifinalistas-do-feito-em-sp-2019-que-reuniu-restaurantes-e-produtores-de-39-cidades-da-regiao%2F&amp;title=Quinta+dos+Cogumelos+foi+1+dos+4+produtores+semifinalistas+do+%E2%80%9CFeito+em+SP%E2%80%9D%2C+2019%2C+que+reuniu+restaurantes+e+produtores+de+39+cidades+da+regi%C3%A3o\" title=\"Linkedin\"><i class=\"fa fa-linkedin\"><\/i><\/a><a data-toggle=\"tooltip\" data-placement=\"top\" href=\"https:\/\/plus.google.com\/share?url=https%3A%2F%2Fwww.quintadoscogumelos.com.br%2Fsite%2Fquinta-dos-cogumelos-foi-1-dos-4-produtores-semifinalistas-do-feito-em-sp-2019-que-reuniu-restaurantes-e-produtores-de-39-cidades-da-regiao%2F\" onclick=\"javascript:window.open(this.href,&quot;&quot;, &quot;menubar=no,toolbar=no,resizable=yes,scrollbars=yes,height=600,width=600&quot;);return false;\" title=\"Google+\"><i class=\"fa fa-google-plus\"><\/i><\/a><a data-toggle=\"tooltip\" data-placement=\"top\" href=\"http:\/\/pinterest.com\/pin\/create\/button\/?url=https%3A%2F%2Fwww.quintadoscogumelos.com.br%2Fsite%2Fquinta-dos-cogumelos-foi-1-dos-4-produtores-semifinalistas-do-feito-em-sp-2019-que-reuniu-restaurantes-e-produtores-de-39-cidades-da-regiao%2F&amp;description=Quinta+dos+Cogumelos+foi+1+dos+4+produtores+semifinalistas+do+%E2%80%9CFeito+em+SP%E2%80%9D%2C+2019%2C+que+reuniu+restaurantes+e+produtores+de+39+cidades+da+regi%C3%A3o&amp;media=https%3A%2F%2Fwww.quintadoscogumelos.com.br%2Fsite%2Fwp-content%2Fuploads%2F2019%2F10%2Fchamada-feito-em-sp.jpg\" title=\"Pinterest\"><i class=\"fa fa-pinterest\"><\/i><\/a>\t\t<\/div>\n\t<\/div>\n                        <\/div> \n                    <\/div>\n                <\/div>\n            \n\n\n\n\n\n                        \n                            <div id=\"post-4536\" class=\"post-4536 post type-post status-publish format-standard has-post-thumbnail hentry category-dicas\">\n                    <div class=\"entry-wrapper\">\n                        <div class=\"entry-header\">\n                                                                    <div class=\"entry-head\">\t\t\t\t\n                                            <div class=\"post-img\">\n                                                <div class=\"leap-overlay item-img\">\n                                                    <img loading=\"lazy\" decoding=\"async\" width=\"900\" height=\"450\"  itemprop=\"image\" src=\"https:\/\/www.quintadoscogumelos.com.br\/site\/wp-content\/uploads\/2019\/10\/Escovar-os-cogumelos-900x450.jpg\" class=\"attachment-leap-portfolio-1col size-leap-portfolio-1col wp-post-image\" alt=\"\" \/>                                                    <div class=\"item-overlay\">\n                                                        <div class=\"item-img-color\"><\/div>\n                                                        <div class=\"item-details\">\n                                                            <div class=\"item-links\">\n                                                                <a class=\"item-link\" href=\"https:\/\/www.quintadoscogumelos.com.br\/site\/lavar-ou-nao-lavar-cogumelos\/\" title=\"Lavar ou n\u00e3o lavar cogumelos?\">Link<\/a>\n                                                                <a class=\"enlarge\" data-rel=\"prettyPhoto\" href=\"https:\/\/www.quintadoscogumelos.com.br\/site\/wp-content\/uploads\/2019\/10\/Escovar-os-cogumelos.jpg\" title=\"Lavar ou n\u00e3o lavar cogumelos?\">\n                                                                    Enlarge                                                                <\/a>\n                                                            <\/div>\n                                                        <\/div>\n                                                    <\/div>\n\n                                                <\/div>\n                                            <\/div>\n                                        <\/div>\n                                                                                                                                                    <\/div>\n\n                        <div class=\"entry-content\">\n\n                            \n                                <div class=\"entry-info\">\n                                                                            <div class=\"post-icon\"><a class=\"dashicons dashicons-format-standard\" title=\"Padr\u00e3o\" href=\"\"><\/a><\/div>\n                                    \n                                                                            <h2 class=\"entry-title\"><a href=\"https:\/\/www.quintadoscogumelos.com.br\/site\/lavar-ou-nao-lavar-cogumelos\/\" title=\"Lavar ou n\u00e3o lavar cogumelos?\">Lavar ou n\u00e3o lavar cogumelos?<\/a><\/h2>\n                                    \n                                    <div class=\"entry-meta\"> <small class=\"entry-date small\"><i class=\"fa fa-calendar\"><\/i> <a href=\"https:\/\/www.quintadoscogumelos.com.br\/site\/lavar-ou-nao-lavar-cogumelos\/\">9 de outubro de 2019<\/a><\/small><small class=\"entry-category small\"><i class=\"fa fa-align-left\"><\/i> <a href=\"https:\/\/www.quintadoscogumelos.com.br\/site\/category\/dicas\/\" rel=\"category tag\">Dicas<\/a><\/small><\/div>\n                                <\/div>\n\n                            \n                                                                                                                    <div class=\"post-content\">\n                                    Sugerimos n\u00e3o lavar, mas vamos esclarecer um ponto: &#8211; Os cogumelos s\u00e3o cultivados em substratos que, antes de receberem a semente (mic\u00e9lio), s\u00e3o pasteurizados ou esterilizados. Sendo assim, ficam perfeitamente limpos, livres de microrganismos ruins. Mesmo no caso do champignon de paris e portobello, que recebem uma cobertura de terra, essa terra \u00e9 turfa, esterilizada.[...]                                <\/div>\n                                                        \n                            \n                        <\/div>\n\n                        <div class=\"entry-footer\">\n                            \t<div class=\"leap-share-buttons\">\n\t\t<div class=\"pull-left\">Compartilhe Isso<\/div>\n\t\t<div class=\"pull-right\">\n\t\t\t<a data-toggle=\"tooltip\" data-placement=\"top\" href=\"https:\/\/www.facebook.com\/sharer\/sharer.php?u=https%3A%2F%2Fwww.quintadoscogumelos.com.br%2Fsite%2Flavar-ou-nao-lavar-cogumelos%2F\" title=\"Facebook\"><i class=\"fa fa-facebook\"><\/i><\/a><a data-toggle=\"tooltip\" data-placement=\"top\" href=\"http:\/\/twitter.com\/share?text=Lavar+ou+n%C3%A3o+lavar+cogumelos%3F&amp;url=https%3A%2F%2Fwww.quintadoscogumelos.com.br%2Fsite%2Flavar-ou-nao-lavar-cogumelos%2F\" title=\"Twitter\"><i class=\"fa fa-twitter\"><\/i><\/a><a data-toggle=\"tooltip\" data-placement=\"top\" href=\"http:\/\/linkedin.com\/shareArticle?mini=true&amp;url=https%3A%2F%2Fwww.quintadoscogumelos.com.br%2Fsite%2Flavar-ou-nao-lavar-cogumelos%2F&amp;title=Lavar+ou+n%C3%A3o+lavar+cogumelos%3F\" title=\"Linkedin\"><i class=\"fa fa-linkedin\"><\/i><\/a><a data-toggle=\"tooltip\" data-placement=\"top\" href=\"https:\/\/plus.google.com\/share?url=https%3A%2F%2Fwww.quintadoscogumelos.com.br%2Fsite%2Flavar-ou-nao-lavar-cogumelos%2F\" onclick=\"javascript:window.open(this.href,&quot;&quot;, &quot;menubar=no,toolbar=no,resizable=yes,scrollbars=yes,height=600,width=600&quot;);return false;\" title=\"Google+\"><i class=\"fa fa-google-plus\"><\/i><\/a><a data-toggle=\"tooltip\" data-placement=\"top\" href=\"http:\/\/pinterest.com\/pin\/create\/button\/?url=https%3A%2F%2Fwww.quintadoscogumelos.com.br%2Fsite%2Flavar-ou-nao-lavar-cogumelos%2F&amp;description=Lavar+ou+n%C3%A3o+lavar+cogumelos%3F&amp;media=https%3A%2F%2Fwww.quintadoscogumelos.com.br%2Fsite%2Fwp-content%2Fuploads%2F2019%2F10%2FEscovar-os-cogumelos.jpg\" title=\"Pinterest\"><i class=\"fa fa-pinterest\"><\/i><\/a>\t\t<\/div>\n\t<\/div>\n                        <\/div> \n                    <\/div>\n                <\/div>\n            \n\n\n\n\n\n            <\/div><\/div>[\/vc_column][\/vc_row]<\/p>\n","protected":false},"excerpt":{"rendered":"<p>[vc_row][vc_column][\/vc_column][\/vc_row]<\/p>\n","protected":false},"author":1,"featured_media":0,"parent":0,"menu_order":0,"comment_status":"closed","ping_status":"closed","template":"","meta":{"footnotes":"","_joinchat":[]},"aioseo_notices":[],"_links":{"self":[{"href":"https:\/\/www.quintadoscogumelos.com.br\/site\/wp-json\/wp\/v2\/pages\/658"}],"collection":[{"href":"https:\/\/www.quintadoscogumelos.com.br\/site\/wp-json\/wp\/v2\/pages"}],"about":[{"href":"https:\/\/www.quintadoscogumelos.com.br\/site\/wp-json\/wp\/v2\/types\/page"}],"author":[{"embeddable":true,"href":"https:\/\/www.quintadoscogumelos.com.br\/site\/wp-json\/wp\/v2\/users\/1"}],"replies":[{"embeddable":true,"href":"https:\/\/www.quintadoscogumelos.com.br\/site\/wp-json\/wp\/v2\/comments?post=658"}],"version-history":[{"count":4,"href":"https:\/\/www.quintadoscogumelos.com.br\/site\/wp-json\/wp\/v2\/pages\/658\/revisions"}],"predecessor-version":[{"id":4554,"href":"https:\/\/www.quintadoscogumelos.com.br\/site\/wp-json\/wp\/v2\/pages\/658\/revisions\/4554"}],"wp:attachment":[{"href":"https:\/\/www.quintadoscogumelos.com.br\/site\/wp-json\/wp\/v2\/media?parent=658"}],"curies":[{"name":"wp","href":"https:\/\/api.w.org\/{rel}","templated":true}]}}