{"id":4313,"date":"2019-09-05T18:54:10","date_gmt":"2019-09-05T18:54:10","guid":{"rendered":"https:\/\/www.quintadoscogumelos.com.br\/site\/?page_id=4313"},"modified":"2026-01-21T17:08:51","modified_gmt":"2026-01-21T20:08:51","slug":"cogumelo-em-po-zahtar","status":"publish","type":"page","link":"https:\/\/www.quintadoscogumelos.com.br\/site\/cogumelo-em-po-zahtar\/","title":{"rendered":"Cogumelo em P\u00f3 Zahtar"},"content":{"rendered":"<p>[vc_row][vc_column][vc_single_image image=&#8221;4314&#8243; img_size=&#8221;full&#8221; alignment=&#8221;center&#8221; style=&#8221;vc_box_rounded&#8221;][vc_tta_tabs][vc_tta_section title=&#8221;Cogumelo em P\u00f3 Zahtar&#8221; tab_id=&#8221;cogumelo-em-po-zahtar&#8221;][vc_column_text]<\/p>\n<p style=\"text-align: justify;\">P\u00f3 de Cogumelos temperado com Zahtar (ou zaatar, za\u2019atar) \u2013 Um mix exclusivo da Quinta dos Cogumelos\u00ae para trazer mais sabor e mais nutrientes no seu dia a dia!<\/p>\n<p style=\"text-align: justify;\">Zahtar \u00e9 um tempero amadeirado, herb\u00f3reo e c\u00edtrico, do Oriente M\u00e9dio, com uma harm\u00f4nica mistura de ervas.<br \/>\nO mix com o p\u00f3 de cogumelos ganha um sabor incr\u00edvel e \u00fanico. \u00c9 arom\u00e1tico e picante ao mesmo tempo.<\/p>\n<p style=\"text-align: justify;\">O tomilho \u00e9 o principal ingrediente do zahtar, \u00e9 saboroso e arom\u00e1tico. O sumac tem um sabor de lim\u00e3o, traz uma acidez agrad\u00e1vel. As sementes de gergelim e das ervas ajudam na croc\u00e2ncia e no sabor.<\/p>\n<p style=\"text-align: justify;\">O cogumelo em p\u00f3 \u00e9 muito rico em sabor e nutrientes. As ervas e especiarias tamb\u00e9m s\u00e3o fontes de vitaminas, prote\u00ednas, com v\u00e1rios benef\u00edcios para a sa\u00fade.<br \/>\nUm mix saboroso e nutritivo!<\/p>\n<h4>Como utilizar:<\/h4>\n<p style=\"text-align: justify;\">A maneira mais tradicional de consumir o zahtar \u00e9 em p\u00e3es: uma fatia de p\u00e3o s\u00edrio com uma mistura de azeite de oliva e o p\u00f3 de cogumelos zahtar fica muito saborosa e \u00e9 um \u00f3timo petisco. Se quiser crocante \u00e9 s\u00f3 levar ao forno por alguns minutos.<\/p>\n<p style=\"text-align: justify;\">Experimente tamb\u00e9m com pipoca e salpicado em ovos ou em queijos frescos.<br \/>\nCombina muito com vegetais diversos, al\u00e9m de temperar muito bem carnes, frangos e peixes, em assados, grelhados e ensopados, saladas, kebabs.<\/p>\n<p>[\/vc_column_text][vc_column_text]<\/p>\n<ul style=\"font-size: 18px;\">\n<li><strong>100% natural;<\/strong><\/li>\n<li><strong>N\u00e3o cont\u00e9m gl\u00faten;<\/strong><\/li>\n<li><strong>Sem glutamato;<\/strong><\/li>\n<li><strong>Al\u00e9rgicos: Cont\u00e9m gergelim.<\/strong><\/li>\n<\/ul>\n<p>[\/vc_column_text][vc_column_text]<\/p>\n<h4>Informa\u00e7\u00f5es do Produto<\/h4>\n<p><strong>Peso l\u00edquido:<\/strong> 72g<br \/>\n<strong>Embalagem:<\/strong> Vidro com tampa pl\u00e1stica.<br \/>\n<strong>Ingredientes:<\/strong> P\u00f3 de cogumelos*, sumac, tomilho, gergelim branco e tostado, manjeric\u00e3o, manjerona, or\u00e9gano e sal.<br \/>\n*Cogumelos shiitake, shimeji e salm\u00e3o, podendo conter outros de nossa linha de produ\u00e7\u00e3o.<br \/>\n<strong>Validade:<\/strong> 12 meses<br \/>\n<strong>Conserva\u00e7\u00e3o:<\/strong> Local seco e fresco.<br \/>\n<strong>Informa\u00e7\u00e3o nutricional:<\/strong> Por\u00e7\u00e3o de 5g (1 colher de sopa). Quantidade por por\u00e7\u00e3o, % VD. Valor energ\u00e9tico 11,3 kcal = 46,3 kJ, 0,32%. Carboidratos 0,9g, 0,26%, Prote\u00edna 0,26g, 0,3%, S\u00f3dio 137mg, 6% &#8211; N\u00e3o cont\u00e9m quantidades significativas de gorduras.<br \/>\n[\/vc_column_text][vc_btn title=&#8221;COMPRAR&#8221; style=&#8221;custom&#8221; custom_background=&#8221;#b22327&#8243; custom_text=&#8221;#ffffff&#8221; size=&#8221;lg&#8221; align=&#8221;center&#8221; i_icon_fontawesome=&#8221;fa fa-shopping-basket&#8221; button_block=&#8221;true&#8221; add_icon=&#8221;true&#8221; link=&#8221;url:https%3A%2F%2Fquinta-dos-cogumelos.lojaintegrada.com.br%2F||target:%20_blank|&#8221;][\/vc_tta_section][\/vc_tta_tabs][\/vc_column][\/vc_row]<\/p>\n","protected":false},"excerpt":{"rendered":"<p>[vc_row][vc_column][vc_single_image image=&#8221;4314&#8243; img_size=&#8221;full&#8221; alignment=&#8221;center&#8221; style=&#8221;vc_box_rounded&#8221;][vc_tta_tabs][vc_tta_section title=&#8221;Cogumelo em P\u00f3 Zahtar&#8221; tab_id=&#8221;cogumelo-em-po-zahtar&#8221;][vc_column_text] P\u00f3 de Cogumelos temperado com Zahtar (ou zaatar, za\u2019atar) \u2013 Um mix exclusivo da Quinta dos Cogumelos\u00ae para trazer mais sabor e mais nutrientes no seu dia a dia! Zahtar \u00e9 um tempero amadeirado, herb\u00f3reo e c\u00edtrico, do Oriente M\u00e9dio, com uma harm\u00f4nica mistura de[&#8230;]<\/p>\n","protected":false},"author":1,"featured_media":0,"parent":0,"menu_order":0,"comment_status":"closed","ping_status":"closed","template":"","meta":{"footnotes":"","_joinchat":[]},"aioseo_notices":[],"_links":{"self":[{"href":"https:\/\/www.quintadoscogumelos.com.br\/site\/wp-json\/wp\/v2\/pages\/4313"}],"collection":[{"href":"https:\/\/www.quintadoscogumelos.com.br\/site\/wp-json\/wp\/v2\/pages"}],"about":[{"href":"https:\/\/www.quintadoscogumelos.com.br\/site\/wp-json\/wp\/v2\/types\/page"}],"author":[{"embeddable":true,"href":"https:\/\/www.quintadoscogumelos.com.br\/site\/wp-json\/wp\/v2\/users\/1"}],"replies":[{"embeddable":true,"href":"https:\/\/www.quintadoscogumelos.com.br\/site\/wp-json\/wp\/v2\/comments?post=4313"}],"version-history":[{"count":4,"href":"https:\/\/www.quintadoscogumelos.com.br\/site\/wp-json\/wp\/v2\/pages\/4313\/revisions"}],"predecessor-version":[{"id":4779,"href":"https:\/\/www.quintadoscogumelos.com.br\/site\/wp-json\/wp\/v2\/pages\/4313\/revisions\/4779"}],"wp:attachment":[{"href":"https:\/\/www.quintadoscogumelos.com.br\/site\/wp-json\/wp\/v2\/media?parent=4313"}],"curies":[{"name":"wp","href":"https:\/\/api.w.org\/{rel}","templated":true}]}}