{"id":4266,"date":"2019-09-03T12:34:15","date_gmt":"2019-09-03T12:34:15","guid":{"rendered":"https:\/\/www.quintadoscogumelos.com.br\/site\/?page_id=4266"},"modified":"2019-09-13T17:20:29","modified_gmt":"2019-09-13T17:20:29","slug":"pos-de-cogumelos-temperados","status":"publish","type":"page","link":"https:\/\/www.quintadoscogumelos.com.br\/site\/pos-de-cogumelos-temperados\/","title":{"rendered":"P\u00f3s de Cogumelos Temperados"},"content":{"rendered":"<p>[vc_row][vc_column][vc_single_image image=&#8221;4432&#8243; img_size=&#8221;full&#8221; alignment=&#8221;center&#8221; style=&#8221;vc_box_rounded&#8221;][\/vc_column][\/vc_row][vc_row][vc_column][vc_column_text]<\/p>\n<p style=\"text-align: justify;\">Nada como manter sempre a m\u00e3o ingredientes prontos, f\u00e1ceis de preparar, e nutritivos, que podem ser utilizados em receitas a qualquer hora e em qualquer lugar.<\/p>\n<p style=\"text-align: justify;\">Pensando nessa praticidade a Quinta dos Cogumelos\u00ae desenvolveu uma linha de produtos \u00e0 base de COGUMELOS EM P\u00d3, que facilitam muito o dia a dia, e acrescentam mais sabor e mais nutrientes \u00e0 alimenta\u00e7\u00e3o.<\/p>\n<p style=\"text-align: justify;\">Sabe o \u201cgosto umami\u201d? \u00c9 o 5\u00ba sabor, aquele sabor delicioso de \u201cquero mais\u201d. Os cogumelos s\u00e3o um dos alimentos que cont\u00eam o amino\u00e1cido glutamato que traz esse gosto, mas de uma forma totalmente natural.<\/p>\n<p>Os cogumelos em p\u00f3 t\u00eam uma concentra\u00e7\u00e3o de sabor ent\u00e3o o gosto umami \u00e9 ainda mais evidenciado.<\/p>\n<p style=\"text-align: justify;\">Acrescentamos aos COGUMELOS EM P\u00d3 misturas com os melhores temperos, completos, com op\u00e7\u00f5es para atender a v\u00e1rias receitas e v\u00e1rias aplica\u00e7\u00f5es.<\/p>\n<p style=\"text-align: justify;\">Conhe\u00e7a nossa linha de COGUMELOS EM P\u00d3 TEMPERADOS, que surpreendem no sabor, al\u00e9m de serem um suplemento importante para a sa\u00fade.<\/p>\n<p>[\/vc_column_text][\/vc_column][\/vc_row][vc_row][vc_column width=&#8221;1\/4&#8243;][vc_custom_heading text=&#8221;Golden Milk&#8221; font_container=&#8221;tag:h4|font_size:20px|text_align:center&#8221; use_theme_fonts=&#8221;yes&#8221;][vc_separator][vc_single_image image=&#8221;4417&#8243; img_size=&#8221;full&#8221; alignment=&#8221;center&#8221; style=&#8221;vc_box_rounded&#8221;][vc_btn title=&#8221;Saiba Mais&#8221; style=&#8221;custom&#8221; custom_background=&#8221;#b22327&#8243; custom_text=&#8221;#ffffff&#8221; align=&#8221;center&#8221; i_icon_fontawesome=&#8221;fa fa-caret-right&#8221; add_icon=&#8221;true&#8221; link=&#8221;url:https%3A%2F%2Fwww.quintadoscogumelos.com.br%2Fsite%2Fcogumelo-em-po-golden-milk%2F|||&#8221;][\/vc_column][vc_column width=&#8221;1\/4&#8243;][vc_custom_heading text=&#8221;Sal de Cogumelos&#8221; font_container=&#8221;tag:h4|font_size:20px|text_align:center&#8221; use_theme_fonts=&#8221;yes&#8221;][vc_separator][vc_single_image image=&#8221;4419&#8243; img_size=&#8221;full&#8221; alignment=&#8221;center&#8221; style=&#8221;vc_box_rounded&#8221;][vc_btn title=&#8221;Saiba Mais&#8221; style=&#8221;custom&#8221; custom_background=&#8221;#b22327&#8243; custom_text=&#8221;#ffffff&#8221; align=&#8221;center&#8221; i_icon_fontawesome=&#8221;fa fa-caret-right&#8221; add_icon=&#8221;true&#8221; link=&#8221;url:https%3A%2F%2Fwww.quintadoscogumelos.com.br%2Fsite%2Fsal-de-cogumelos%2F|||&#8221;][\/vc_column][vc_column width=&#8221;1\/4&#8243;][vc_custom_heading text=&#8221;Zahtar&#8221; font_container=&#8221;tag:h4|font_size:20px|text_align:center&#8221; use_theme_fonts=&#8221;yes&#8221;][vc_separator][vc_single_image image=&#8221;4422&#8243; img_size=&#8221;full&#8221; alignment=&#8221;center&#8221; style=&#8221;vc_box_rounded&#8221;][vc_btn title=&#8221;Saiba Mais&#8221; style=&#8221;custom&#8221; custom_background=&#8221;#b22327&#8243; custom_text=&#8221;#ffffff&#8221; align=&#8221;center&#8221; i_icon_fontawesome=&#8221;fa fa-caret-right&#8221; add_icon=&#8221;true&#8221; link=&#8221;url:https%3A%2F%2Fwww.quintadoscogumelos.com.br%2Fsite%2Fcogumelo-em-po-zahtar%2F|||&#8221;][\/vc_column][vc_column width=&#8221;1\/4&#8243;][vc_custom_heading text=&#8221;Garam Massala&#8221; font_container=&#8221;tag:h4|font_size:20px|text_align:center&#8221; use_theme_fonts=&#8221;yes&#8221;][vc_separator][vc_single_image image=&#8221;4424&#8243; img_size=&#8221;full&#8221; alignment=&#8221;center&#8221; style=&#8221;vc_box_rounded&#8221;][vc_btn title=&#8221;Saiba Mais&#8221; style=&#8221;custom&#8221; custom_background=&#8221;#b22327&#8243; custom_text=&#8221;#ffffff&#8221; align=&#8221;center&#8221; i_icon_fontawesome=&#8221;fa fa-caret-right&#8221; add_icon=&#8221;true&#8221; link=&#8221;url:https%3A%2F%2Fwww.quintadoscogumelos.com.br%2Fsite%2Fcogumelo-em-po-garam-massala%2F|||&#8221;][\/vc_column][\/vc_row][vc_row][vc_column width=&#8221;1\/4&#8243;][vc_custom_heading text=&#8221;Lemon Pepper&#8221; font_container=&#8221;tag:h4|font_size:20px|text_align:center&#8221; use_theme_fonts=&#8221;yes&#8221;][vc_separator][vc_single_image image=&#8221;4426&#8243; img_size=&#8221;full&#8221; alignment=&#8221;center&#8221; style=&#8221;vc_box_rounded&#8221;][vc_btn title=&#8221;Saiba Mais&#8221; style=&#8221;custom&#8221; custom_background=&#8221;#b22327&#8243; custom_text=&#8221;#ffffff&#8221; align=&#8221;center&#8221; i_icon_fontawesome=&#8221;fa fa-caret-right&#8221; add_icon=&#8221;true&#8221; link=&#8221;url:https%3A%2F%2Fwww.quintadoscogumelos.com.br%2Fsite%2Fcogumelo-em-po-lemon-pepper%2F|||&#8221;][\/vc_column][vc_column width=&#8221;1\/4&#8243;][vc_custom_heading text=&#8221;Dry Hub&#8221; font_container=&#8221;tag:h4|font_size:20px|text_align:center&#8221; use_theme_fonts=&#8221;yes&#8221;][vc_separator][vc_single_image image=&#8221;4428&#8243; img_size=&#8221;full&#8221; alignment=&#8221;center&#8221; style=&#8221;vc_box_rounded&#8221;][vc_btn title=&#8221;Saiba Mais&#8221; style=&#8221;custom&#8221; custom_background=&#8221;#b22327&#8243; custom_text=&#8221;#ffffff&#8221; align=&#8221;center&#8221; i_icon_fontawesome=&#8221;fa fa-caret-right&#8221; add_icon=&#8221;true&#8221; link=&#8221;url:https%3A%2F%2Fwww.quintadoscogumelos.com.br%2Fsite%2Fcogumelo-em-po-dry-hub%2F|||&#8221;][\/vc_column][vc_column width=&#8221;1\/4&#8243;][vc_custom_heading text=&#8221;Zimbro&#8221; font_container=&#8221;tag:h4|font_size:20px|text_align:center&#8221; use_theme_fonts=&#8221;yes&#8221;][vc_separator][vc_single_image image=&#8221;4430&#8243; img_size=&#8221;full&#8221; alignment=&#8221;center&#8221; style=&#8221;vc_box_rounded&#8221;][vc_btn title=&#8221;Saiba Mais&#8221; style=&#8221;custom&#8221; custom_background=&#8221;#b22327&#8243; custom_text=&#8221;#ffffff&#8221; align=&#8221;center&#8221; i_icon_fontawesome=&#8221;fa fa-caret-right&#8221; add_icon=&#8221;true&#8221; link=&#8221;url:https%3A%2F%2Fwww.quintadoscogumelos.com.br%2Fsite%2Fcogumelo-em-po-zimbro%2F|||&#8221;][\/vc_column][vc_column width=&#8221;1\/4&#8243;][\/vc_column][\/vc_row]<\/p>\n","protected":false},"excerpt":{"rendered":"<p>[vc_row][vc_column][vc_single_image image=&#8221;4432&#8243; img_size=&#8221;full&#8221; alignment=&#8221;center&#8221; style=&#8221;vc_box_rounded&#8221;][\/vc_column][\/vc_row][vc_row][vc_column][vc_column_text] Nada como manter sempre a m\u00e3o ingredientes prontos, f\u00e1ceis de preparar, e nutritivos, que podem ser utilizados em receitas a qualquer hora e em qualquer lugar. Pensando nessa praticidade a Quinta dos Cogumelos\u00ae desenvolveu uma linha de produtos \u00e0 base de COGUMELOS EM P\u00d3, que facilitam muito o dia a[&#8230;]<\/p>\n","protected":false},"author":1,"featured_media":0,"parent":0,"menu_order":0,"comment_status":"closed","ping_status":"closed","template":"","meta":{"footnotes":"","_joinchat":[]},"aioseo_notices":[],"_links":{"self":[{"href":"https:\/\/www.quintadoscogumelos.com.br\/site\/wp-json\/wp\/v2\/pages\/4266"}],"collection":[{"href":"https:\/\/www.quintadoscogumelos.com.br\/site\/wp-json\/wp\/v2\/pages"}],"about":[{"href":"https:\/\/www.quintadoscogumelos.com.br\/site\/wp-json\/wp\/v2\/types\/page"}],"author":[{"embeddable":true,"href":"https:\/\/www.quintadoscogumelos.com.br\/site\/wp-json\/wp\/v2\/users\/1"}],"replies":[{"embeddable":true,"href":"https:\/\/www.quintadoscogumelos.com.br\/site\/wp-json\/wp\/v2\/comments?post=4266"}],"version-history":[{"count":0,"href":"https:\/\/www.quintadoscogumelos.com.br\/site\/wp-json\/wp\/v2\/pages\/4266\/revisions"}],"wp:attachment":[{"href":"https:\/\/www.quintadoscogumelos.com.br\/site\/wp-json\/wp\/v2\/media?parent=4266"}],"curies":[{"name":"wp","href":"https:\/\/api.w.org\/{rel}","templated":true}]}}