{"id":4258,"date":"2019-09-02T18:58:31","date_gmt":"2019-09-02T18:58:31","guid":{"rendered":"https:\/\/www.quintadoscogumelos.com.br\/site\/?page_id=4258"},"modified":"2026-01-21T17:07:00","modified_gmt":"2026-01-21T20:07:00","slug":"pos-de-cogumelos-funcionais","status":"publish","type":"page","link":"https:\/\/www.quintadoscogumelos.com.br\/site\/pos-de-cogumelos-funcionais\/","title":{"rendered":"P\u00f3s de Cogumelos Funcionais"},"content":{"rendered":"<p>[vc_row][vc_column][vc_single_image image=&#8221;4411&#8243; img_size=&#8221;full&#8221; alignment=&#8221;center&#8221; style=&#8221;vc_box_rounded&#8221;][\/vc_column][\/vc_row][vc_row][vc_column][vc_tta_tabs][vc_tta_section title=&#8221;P\u00f3s de Cogumelos Funcionais (Puro Cogumelo)&#8221; tab_id=&#8221;p\u00f3s-de-cogumelos-funcionais&#8221;][vc_column_text]<\/p>\n<p style=\"text-align: justify;\">Os P\u00d3S DE COGUMELOS FUNCIONAIS s\u00e3o gerados a partir dos cogumelos desidratados.<br \/>\nS\u00e3o 100% cogumelo, sem nenhum aditivo ou conservante, garantindo o sabor original dos cogumelos, de forma natural e concentrada.<\/p>\n<p style=\"text-align: justify;\">Diferente dos desidratados, os p\u00f3s n\u00e3o precisam ser hidratados, basta acrescentar diretamente nos alimentos, facilitando o consumo no dia a dia.<\/p>\n<p style=\"text-align: justify;\">\u00c9 um excelente suplemento alimentar, principalmente para quem necessita de refei\u00e7\u00f5es mais controladas, ou para quem n\u00e3o gosta da textura dos cogumelos, mas gostaria de consumi-los pelos seus valores nutricionais.<br \/>\nAcrescente-os como tempero em qualquer receita doce ou salgada. O sabor umami do p\u00f3 \u00e9 um real\u00e7ador natural de sabor, facilitam reduzir o sal e ter um alimento muito mais saboroso. S\u00e3o \u00f3timos aromatizantes para sopas, perfeito para omeletes, misturados a ch\u00e1s, temperos ou qualquer outra receita salgada ou doce, tamb\u00e9m em cereais matinais, iogurtes, shakes, smoothies, achocolatados.<br \/>\nConsumi-los no caf\u00e9 da manh\u00e3 o ajudar\u00e1 a ter mais energia durante o dia.<\/p>\n<p>Produzidos na variedade Shiitake e na variedade Mix composto por shiitake, shimeji e salm\u00e3o. Outras variedades podem ser preparadas sob encomenda.<\/p>\n<h4>Informa\u00e7\u00f5es do Produto<\/h4>\n<p><strong>Embalagem:<\/strong> Vidro com tampa pl\u00e1stica.<br \/>\n<strong>Peso l\u00edquido:<\/strong> Padr\u00e3o 30g \u2013 Podem ser preparados em outras quantidades.<br \/>\n<strong>Validade:<\/strong> 12 meses a partir da fabrica\u00e7\u00e3o.<br \/>\n<strong>Conserva\u00e7\u00e3o:<\/strong> Local seco e fresco.<br \/>\n<strong>Informa\u00e7\u00e3o nutricional:<\/strong> Por\u00e7\u00e3o de 10g. Quantidade por por\u00e7\u00e3o, % VD*. Valor energ\u00e9tico, 38 kcal = 156 kJ, 2%. Carboidratos 5,6g, 2%, Prote\u00edna 3,6g, 4%.- N\u00e3o cont\u00e9m quantidades significativas de gorduras e s\u00f3dio.<br \/>\nN\u00e3o cont\u00e9m gl\u00faten.[\/vc_column_text][vc_row_inner][vc_column_inner width=&#8221;1\/4&#8243;][\/vc_column_inner][vc_column_inner width=&#8221;1\/4&#8243;][vc_custom_heading text=&#8221;P\u00f3 Shiitake&#8221; font_container=&#8221;tag:h4|font_size:25px|text_align:center&#8221; use_theme_fonts=&#8221;yes&#8221;][vc_separator][vc_single_image image=&#8221;4262&#8243; img_size=&#8221;full&#8221; alignment=&#8221;center&#8221; style=&#8221;vc_box_rounded&#8221;][vc_custom_heading text=&#8221;Entre os cogumelos comest\u00edveis, o shiitake \u00e9 o que mais apresenta valores nutricionais.&#8221; font_container=&#8221;tag:p|font_size:12px|text_align:center&#8221; use_theme_fonts=&#8221;yes&#8221;][vc_btn title=&#8221;COMPRAR&#8221; style=&#8221;custom&#8221; custom_background=&#8221;#b22327&#8243; custom_text=&#8221;#ffffff&#8221; align=&#8221;center&#8221; i_icon_fontawesome=&#8221;fa fa-shopping-basket&#8221; add_icon=&#8221;true&#8221; link=&#8221;url:https%3A%2F%2Fquinta-dos-cogumelos.lojaintegrada.com.br%2F||target:%20_blank|&#8221;][\/vc_column_inner][vc_column_inner width=&#8221;1\/4&#8243;][vc_custom_heading text=&#8221;P\u00f3 Mix&#8221; font_container=&#8221;tag:h4|font_size:25px|text_align:center&#8221; use_theme_fonts=&#8221;yes&#8221;][vc_separator][vc_single_image image=&#8221;4263&#8243; img_size=&#8221;full&#8221; alignment=&#8221;center&#8221; style=&#8221;vc_box_rounded&#8221;][vc_custom_heading text=&#8221;O P\u00f3 Mix cont\u00e9m shiitake, shimeji e salm\u00e3o. Rico em nutrientes com um mix de sabores.&#8221; font_container=&#8221;tag:p|font_size:12px|text_align:center&#8221; use_theme_fonts=&#8221;yes&#8221;][vc_btn title=&#8221;COMPRAR&#8221; style=&#8221;custom&#8221; custom_background=&#8221;#b22327&#8243; custom_text=&#8221;#ffffff&#8221; align=&#8221;center&#8221; i_icon_fontawesome=&#8221;fa fa-shopping-basket&#8221; add_icon=&#8221;true&#8221; link=&#8221;url:https%3A%2F%2Fquinta-dos-cogumelos.lojaintegrada.com.br%2F||target:%20_blank|&#8221;][\/vc_column_inner][vc_column_inner width=&#8221;1\/4&#8243;][\/vc_column_inner][\/vc_row_inner][\/vc_tta_section][\/vc_tta_tabs][\/vc_column][\/vc_row]<\/p>\n","protected":false},"excerpt":{"rendered":"<p>[vc_row][vc_column][vc_single_image image=&#8221;4411&#8243; img_size=&#8221;full&#8221; alignment=&#8221;center&#8221; style=&#8221;vc_box_rounded&#8221;][\/vc_column][\/vc_row][vc_row][vc_column][vc_tta_tabs][vc_tta_section title=&#8221;P\u00f3s de Cogumelos Funcionais (Puro Cogumelo)&#8221; tab_id=&#8221;p\u00f3s-de-cogumelos-funcionais&#8221;][vc_column_text] Os P\u00d3S DE COGUMELOS FUNCIONAIS s\u00e3o gerados a partir dos cogumelos desidratados. S\u00e3o 100% cogumelo, sem nenhum aditivo ou conservante, garantindo o sabor original dos cogumelos, de forma natural e concentrada. Diferente dos desidratados, os p\u00f3s n\u00e3o precisam ser hidratados, basta acrescentar diretamente[&#8230;]<\/p>\n","protected":false},"author":1,"featured_media":0,"parent":0,"menu_order":0,"comment_status":"closed","ping_status":"closed","template":"","meta":{"footnotes":"","_joinchat":[]},"aioseo_notices":[],"_links":{"self":[{"href":"https:\/\/www.quintadoscogumelos.com.br\/site\/wp-json\/wp\/v2\/pages\/4258"}],"collection":[{"href":"https:\/\/www.quintadoscogumelos.com.br\/site\/wp-json\/wp\/v2\/pages"}],"about":[{"href":"https:\/\/www.quintadoscogumelos.com.br\/site\/wp-json\/wp\/v2\/types\/page"}],"author":[{"embeddable":true,"href":"https:\/\/www.quintadoscogumelos.com.br\/site\/wp-json\/wp\/v2\/users\/1"}],"replies":[{"embeddable":true,"href":"https:\/\/www.quintadoscogumelos.com.br\/site\/wp-json\/wp\/v2\/comments?post=4258"}],"version-history":[{"count":7,"href":"https:\/\/www.quintadoscogumelos.com.br\/site\/wp-json\/wp\/v2\/pages\/4258\/revisions"}],"predecessor-version":[{"id":4775,"href":"https:\/\/www.quintadoscogumelos.com.br\/site\/wp-json\/wp\/v2\/pages\/4258\/revisions\/4775"}],"wp:attachment":[{"href":"https:\/\/www.quintadoscogumelos.com.br\/site\/wp-json\/wp\/v2\/media?parent=4258"}],"curies":[{"name":"wp","href":"https:\/\/api.w.org\/{rel}","templated":true}]}}