{"id":4105,"date":"2019-07-25T17:55:22","date_gmt":"2019-07-25T17:55:22","guid":{"rendered":"https:\/\/www.quintadoscogumelos.com.br\/site\/?page_id=4105"},"modified":"2019-09-13T14:24:03","modified_gmt":"2019-09-13T14:24:03","slug":"cogumelos-ultracongelados","status":"publish","type":"page","link":"https:\/\/www.quintadoscogumelos.com.br\/site\/cogumelos-ultracongelados\/","title":{"rendered":"Cogumelos Ultracongelados"},"content":{"rendered":"<p>[vc_row][vc_column][vc_single_image image=&#8221;4473&#8243; img_size=&#8221;full&#8221; alignment=&#8221;center&#8221; style=&#8221;vc_box_rounded&#8221;][\/vc_column][\/vc_row][vc_row][vc_column][vc_tta_tabs][vc_tta_section title=&#8221;Cogumelos Ultracongelados&#8221; tab_id=&#8221;cogumelos-ultracongelados&#8221;][vc_column_text]<\/p>\n<p style=\"text-align: justify;\">J\u00e1 pensou em ter cogumelos sempre dispon\u00edveis para as suas receitas? O congelado \u00e9 uma \u00f3tima op\u00e7\u00e3o em substitui\u00e7\u00e3o aos frescos.<\/p>\n<p style=\"text-align: justify;\">O processo de ultracongelamento mant\u00e9m as caracter\u00edsticas nutricionais dos cogumelos praticamente intactas.<br \/>\nS\u00e3o muito pr\u00e1ticos uma vez que j\u00e1 v\u00eam fatiados ou desfiados, prontinhos para irem para a panela.<br \/>\n\u00c9 s\u00f3 colocar um pouco de azeite ou \u00f3leo, acrescentar os cogumelos e mexer. Quando descongelados acrescentar os temperos preferido! Basta uns 10 a 12 minutinhos e pronto para servir.<\/p>\n<h4>Vantagens dos Cogumelos Ultracongelados<\/h4>\n<ul>\n<li>S\u00e3o totalmente naturais, sem conservantes, e os nutrientes s\u00e3o preservados.<\/li>\n<li>\u00c9 mais r\u00e1pido e pr\u00e1tico de preparar utilizando somente a quantidade necess\u00e1ria para cada receita.<\/li>\n<li>Validade longa \u2013 dura at\u00e9 1 ano<\/li>\n<\/ul>\n<p>[\/vc_column_text][vc_row_inner][vc_column_inner width=&#8221;1\/3&#8243;][vc_custom_heading text=&#8221;Ultracongelado Shiitake&#8221; font_container=&#8221;tag:h4|font_size:25px|text_align:center&#8221; use_theme_fonts=&#8221;yes&#8221;][vc_separator][vc_single_image image=&#8221;4474&#8243; img_size=&#8221;full&#8221; alignment=&#8221;center&#8221; style=&#8221;vc_box_rounded&#8221;][\/vc_column_inner][vc_column_inner width=&#8221;1\/3&#8243;][vc_custom_heading text=&#8221;Ultracongelado Salm\u00e3o&#8221; font_container=&#8221;tag:h4|font_size:25px|text_align:center&#8221; use_theme_fonts=&#8221;yes&#8221;][vc_separator][vc_single_image image=&#8221;4476&#8243; img_size=&#8221;full&#8221; alignment=&#8221;center&#8221; style=&#8221;vc_box_rounded&#8221;][\/vc_column_inner][vc_column_inner width=&#8221;1\/3&#8243;][vc_custom_heading text=&#8221;Ultracongelado Shimeji&#8221; font_container=&#8221;tag:h4|font_size:25px|text_align:center&#8221; use_theme_fonts=&#8221;yes&#8221;][vc_separator][vc_single_image image=&#8221;4477&#8243; img_size=&#8221;full&#8221; alignment=&#8221;center&#8221; style=&#8221;vc_box_rounded&#8221;][\/vc_column_inner][\/vc_row_inner][\/vc_tta_section][\/vc_tta_tabs][\/vc_column][\/vc_row]<\/p>\n","protected":false},"excerpt":{"rendered":"<p>[vc_row][vc_column][vc_single_image image=&#8221;4473&#8243; img_size=&#8221;full&#8221; alignment=&#8221;center&#8221; style=&#8221;vc_box_rounded&#8221;][\/vc_column][\/vc_row][vc_row][vc_column][vc_tta_tabs][vc_tta_section title=&#8221;Cogumelos Ultracongelados&#8221; tab_id=&#8221;cogumelos-ultracongelados&#8221;][vc_column_text] J\u00e1 pensou em ter cogumelos sempre dispon\u00edveis para as suas receitas? O congelado \u00e9 uma \u00f3tima op\u00e7\u00e3o em substitui\u00e7\u00e3o aos frescos. O processo de ultracongelamento mant\u00e9m as caracter\u00edsticas nutricionais dos cogumelos praticamente intactas. S\u00e3o muito pr\u00e1ticos uma vez que j\u00e1 v\u00eam fatiados ou desfiados, prontinhos para irem[&#8230;]<\/p>\n","protected":false},"author":1,"featured_media":0,"parent":0,"menu_order":0,"comment_status":"closed","ping_status":"closed","template":"","meta":{"footnotes":"","_joinchat":[]},"aioseo_notices":[],"_links":{"self":[{"href":"https:\/\/www.quintadoscogumelos.com.br\/site\/wp-json\/wp\/v2\/pages\/4105"}],"collection":[{"href":"https:\/\/www.quintadoscogumelos.com.br\/site\/wp-json\/wp\/v2\/pages"}],"about":[{"href":"https:\/\/www.quintadoscogumelos.com.br\/site\/wp-json\/wp\/v2\/types\/page"}],"author":[{"embeddable":true,"href":"https:\/\/www.quintadoscogumelos.com.br\/site\/wp-json\/wp\/v2\/users\/1"}],"replies":[{"embeddable":true,"href":"https:\/\/www.quintadoscogumelos.com.br\/site\/wp-json\/wp\/v2\/comments?post=4105"}],"version-history":[{"count":0,"href":"https:\/\/www.quintadoscogumelos.com.br\/site\/wp-json\/wp\/v2\/pages\/4105\/revisions"}],"wp:attachment":[{"href":"https:\/\/www.quintadoscogumelos.com.br\/site\/wp-json\/wp\/v2\/media?parent=4105"}],"curies":[{"name":"wp","href":"https:\/\/api.w.org\/{rel}","templated":true}]}}