{"id":4079,"date":"2019-07-24T18:38:54","date_gmt":"2019-07-24T18:38:54","guid":{"rendered":"https:\/\/www.quintadoscogumelos.com.br\/site\/?page_id=4079"},"modified":"2019-09-13T18:13:15","modified_gmt":"2019-09-13T18:13:15","slug":"eryngui-pleurotus-eryngii","status":"publish","type":"page","link":"https:\/\/www.quintadoscogumelos.com.br\/site\/cogumelos-frescos\/eryngui-pleurotus-eryngii\/","title":{"rendered":"Eryngui"},"content":{"rendered":"<p>[vc_row][vc_column width=&#8221;1\/3&#8243;][vc_gallery type=&#8221;nivo&#8221; interval=&#8221;5&#8243; images=&#8221;4195,4197,4492,4493&#8243; img_size=&#8221;full&#8221; onclick=&#8221;&#8221;][\/vc_column][vc_column width=&#8221;2\/3&#8243;][vc_tta_tabs][vc_tta_section title=&#8221;Eryngui (Pleurotus Eryngii \/ Cordoncello)&#8221; tab_id=&#8221;eryngui-pleurotus-eryngui-cordoncello&#8221;][vc_column_text]<\/p>\n<p style=\"text-align: justify;\"><span style=\"font-size: 14pt;\">O Eryngui \u00e9 o de maior tamanho do g\u00eanero pleurotus, tem o caule grosso e carnudo e o chap\u00e9u apenas cobrindo o caule, mas o caule \u00e9 todo macio, com aroma agrad\u00e1vel e sabor bem suave e elegante, destacando bem o sabor umami.<\/span><br \/>\n<span style=\"font-size: 14pt;\">Nos EUA ele \u00e9 conhecido chamado de king oyster (cogumelo ostra rei).<\/span><\/p>\n<p style=\"text-align: justify;\"><span style=\"font-size: 14pt;\">Mas para um preparo r\u00e1pido e f\u00e1cil basta grelhar com azeite, e sal, mas permite muita criatividade e sofistica\u00e7\u00e3o nos preparos.<\/span><br \/>\n<span style=\"font-size: 14pt;\">Tem um formato que permite cort\u00e1-lo em rodelas, ent\u00e3o fica perfeito para preparado em espetinhos, como \u201clula a dor\u00ea\u201d, \u201cvieiras grelhadas\u201d, ou como escalope.<\/span><\/p>\n<p style=\"text-align: justify;\"><span style=\"font-size: 14pt;\">Apesar do tamanho grande, h\u00e1 tamb\u00e9m os pequenos e os minis, que facilitam bastante o preparo de pizzas, empanados crocantes, teriakis, complementos de receitas e tamb\u00e9m grelhado rapidamente.<\/span><\/p>\n<p style=\"text-align: justify;\"><span style=\"font-size: 14pt;\">Ainda pouco conhecido na culin\u00e1ria brasileira, mas j\u00e1 muito apreciado pelos mais renomados chefs.<\/span><br \/>\n<span style=\"font-size: 14pt;\">Originou-se das margens do Mar Mediterr\u00e2neo, j\u00e1 \u00e9 produzido em todo o mundo mas principalmente no Jap\u00e3o, China e Coreia.<\/span><br \/>\n<span style=\"font-size: 14pt;\">\u00c9 livre de colesterol e s\u00f3dio, de baixa caloria e pode reduzir o risco de acumula\u00e7\u00e3o de gordura no f\u00edgado, entre muitos outros benef\u00edcios para a sa\u00fade.<\/span><\/p>\n<p>[\/vc_column_text][vc_row_inner][vc_column_inner][vc_column_text]<strong>Como Comprar:<\/strong><\/p>\n<ul>\n<li>O eryngui, apesar de conhecido por ser grande, pode apresentar tamanhos pequenos, inclusive o mini que \u00e9 super f\u00e1cil de preparar, ent\u00e3o pode ser escolhido o que melhor se adequar \u00e0 receita.<\/li>\n<li>Melhor que o chap\u00e9u esteja um pouco fechado.<\/li>\n<li>N\u00e3o pode ter mal cheiro.<\/li>\n<li>Sem sinais de mofo e de umidade excessiva dentro da embalagem. Com boa apar\u00eancia no geral, sem manchas escuras.<\/li>\n<\/ul>\n<p><strong>Tipos de Embalagens:<\/strong><br \/>\n\u00c0 granel, bandejinhas de 200g, sacos de 200g, 500 g e 1kg.<\/p>\n<p><strong>Validade:<\/strong><br \/>\n10 a 12 dias.<\/p>\n<p><strong>Conserva\u00e7\u00e3o:<\/strong><br \/>\nSob refrigera\u00e7\u00e3o de 2 a 5\u00b0.<\/p>\n<p><strong>Informa\u00e7\u00e3o Nutricional:<\/strong><br \/>\nPor\u00e7\u00e3o de 100g. Quantidade por por\u00e7\u00e3o, % VD*. Valor energ\u00e9tico, 26 kcal = 106,74 kJ, 1%. Carboidratos 5,6g, 2%, Prote\u00edna 2,6g, 4%, Fibra 4,4g, 18% &#8211; N\u00e3o cont\u00e9m s\u00f3dio nem quantidades significativas de gorduras.<br \/>\nN\u00e3o cont\u00e9m gl\u00faten.<\/p>\n<p><strong>Nosso ERYNGUI est\u00e1 dispon\u00edvel nas seguintes apresenta\u00e7\u00f5es:<\/strong><\/p>\n<ul>\n<li>Fresco;<\/li>\n<li>Pode estar presente no P\u00f3 Mix.<\/li>\n<\/ul>\n<p>[\/vc_column_text][\/vc_column_inner][\/vc_row_inner][vc_row_inner css=&#8221;.vc_custom_1566842354357{margin-right: 10% !important;margin-left: 10% !important;border-top-width: 1px !important;border-right-width: 1px !important;border-bottom-width: 1px !important;border-left-width: 1px !important;padding-top: -15% !important;padding-right: -5% !important;padding-bottom: -15% !important;padding-left: -5% !important;background-color: rgba(215,64,46,0.04) !important;*background-color: rgb(215,64,46) !important;border-left-color: #d7402e !important;border-left-style: solid !important;border-right-color: #d7402e !important;border-right-style: solid !important;border-top-color: #d7402e !important;border-top-style: solid !important;border-bottom-color: #d7402e !important;border-bottom-style: solid !important;border-radius: 5px !important;}&#8221;][vc_column_inner][vc_column_text css=&#8221;.vc_custom_1566844915838{margin-top: -5% !important;}&#8221;]<\/p>\n<p style=\"text-align: center;\"><strong>Quer saber mais sobre o ERYNGUI?<\/strong><br \/>\nAcesse nosso blog e encontre dicas, receitas e muitas outras informa\u00e7\u00f5es.<\/p>\n<p>[\/vc_column_text][vc_single_image image=&#8221;4158&#8243; img_size=&#8221;full&#8221; alignment=&#8221;center&#8221; css=&#8221;.vc_custom_1566842576051{margin-top: -5% !important;margin-bottom: -1% !important;}&#8221;][\/vc_column_inner][\/vc_row_inner][\/vc_tta_section][\/vc_tta_tabs][\/vc_column][\/vc_row]<\/p>\n","protected":false},"excerpt":{"rendered":"<p>[vc_row][vc_column width=&#8221;1\/3&#8243;][vc_gallery type=&#8221;nivo&#8221; interval=&#8221;5&#8243; images=&#8221;4195,4197,4492,4493&#8243; img_size=&#8221;full&#8221; onclick=&#8221;&#8221;][\/vc_column][vc_column width=&#8221;2\/3&#8243;][vc_tta_tabs][vc_tta_section title=&#8221;Eryngui (Pleurotus Eryngii \/ Cordoncello)&#8221; tab_id=&#8221;eryngui-pleurotus-eryngui-cordoncello&#8221;][vc_column_text] O Eryngui \u00e9 o de maior tamanho do g\u00eanero pleurotus, tem o caule grosso e carnudo e o chap\u00e9u apenas cobrindo o caule, mas o caule \u00e9 todo macio, com aroma agrad\u00e1vel e sabor bem suave e elegante, destacando bem o[&#8230;]<\/p>\n","protected":false},"author":1,"featured_media":0,"parent":3953,"menu_order":0,"comment_status":"closed","ping_status":"closed","template":"","meta":{"footnotes":"","_joinchat":[]},"aioseo_notices":[],"_links":{"self":[{"href":"https:\/\/www.quintadoscogumelos.com.br\/site\/wp-json\/wp\/v2\/pages\/4079"}],"collection":[{"href":"https:\/\/www.quintadoscogumelos.com.br\/site\/wp-json\/wp\/v2\/pages"}],"about":[{"href":"https:\/\/www.quintadoscogumelos.com.br\/site\/wp-json\/wp\/v2\/types\/page"}],"author":[{"embeddable":true,"href":"https:\/\/www.quintadoscogumelos.com.br\/site\/wp-json\/wp\/v2\/users\/1"}],"replies":[{"embeddable":true,"href":"https:\/\/www.quintadoscogumelos.com.br\/site\/wp-json\/wp\/v2\/comments?post=4079"}],"version-history":[{"count":0,"href":"https:\/\/www.quintadoscogumelos.com.br\/site\/wp-json\/wp\/v2\/pages\/4079\/revisions"}],"up":[{"embeddable":true,"href":"https:\/\/www.quintadoscogumelos.com.br\/site\/wp-json\/wp\/v2\/pages\/3953"}],"wp:attachment":[{"href":"https:\/\/www.quintadoscogumelos.com.br\/site\/wp-json\/wp\/v2\/media?parent=4079"}],"curies":[{"name":"wp","href":"https:\/\/api.w.org\/{rel}","templated":true}]}}