{"id":3963,"date":"2019-03-27T13:38:13","date_gmt":"2019-03-27T13:38:13","guid":{"rendered":"https:\/\/www.quintadoscogumelos.com.br\/site\/?page_id=3963"},"modified":"2019-09-13T19:17:02","modified_gmt":"2019-09-13T19:17:02","slug":"shiitake-lentinula-edodes","status":"publish","type":"page","link":"https:\/\/www.quintadoscogumelos.com.br\/site\/cogumelos-frescos\/shiitake-lentinula-edodes\/","title":{"rendered":"Shiitake"},"content":{"rendered":"<p>[vc_row][vc_column width=&#8221;1\/3&#8243;][vc_gallery type=&#8221;nivo&#8221; interval=&#8221;5&#8243; images=&#8221;3958,4509,4490&#8243; img_size=&#8221;full&#8221; onclick=&#8221;&#8221;][\/vc_column][vc_column width=&#8221;2\/3&#8243;][vc_tta_tabs][vc_tta_section title=&#8221;Shiitake (Lentinula edodes)&#8221; tab_id=&#8221;shiitake-lentinula-edodes&#8221;][vc_column_text]<\/p>\n<p style=\"text-align: justify;\"><span style=\"font-size: 14pt;\">O shiitake \u00e9 um dos cogumelos mais vers\u00e1teis na cozinha sendo o 2\u00ba mais consumido no mundo.<\/span><br \/>\n<span style=\"font-size: 14pt;\">O sabor amadeirado e a textura carnuda se assemelham \u00e0 carne, facilitando a utiliza\u00e7\u00e3o em muitas receitas.<\/span><\/p>\n<p style=\"text-align: justify;\"><span style=\"font-size: 14pt;\">Podem ser preparados refogados, recheados, grelhados inteiros, preparados no forno ou em air fryer.<\/span><\/p>\n<p style=\"text-align: justify;\"><span style=\"font-size: 14pt;\">Combinam muito em receitas \u00famidas e compostas como feijoada vegetariana, bob\u00f3, moqueca.<\/span><br \/>\n<span style=\"font-size: 14pt;\">Tamb\u00e9m \u00e9 muito apreciado em pizzas, molhos, sopas e recheios.<\/span><br \/>\n<span style=\"font-size: 14pt;\">Entre os risotos, o de shiitake \u00e9 o de maior destaque.<\/span><\/p>\n<p style=\"text-align: justify;\"><span style=\"font-size: 14pt;\">\u00c9 nativo da \u00c1sia Oriental e \u00e9 considerado um cogumelo medicinal em algumas formas de medicina oriental, tendo efeito importante no combate ao colesterol e melhora do sistema imunol\u00f3gico, entre muitos outros benef\u00edcios.<\/span><\/p>\n<p>[\/vc_column_text][vc_row_inner][vc_column_inner][vc_column_text]<strong>Como Comprar:<\/strong><\/p>\n<ul>\n<li>O shiitake pode ter v\u00e1rios tamanhos de chap\u00e9u entretanto isso n\u00e3o muda o sabor. H\u00e1 inclusive os fatiados, que podem facilitar no preparo.<\/li>\n<li>Preferencialmente escolha os que estejam com os chap\u00e9us mais fechados.<\/li>\n<li>Tem um cheiro suave, n\u00e3o podem ter cheiro de azedo ou de estragado.<\/li>\n<li>Sem sinais de mofo e de umidade excessiva dentro da embalagem.<\/li>\n<\/ul>\n<p><strong>Tipos de Embalagens:<\/strong><br \/>\n\u00c0 granel, bandejinhas de 200g, sacos de 200g, 500 g e 1kg.<\/p>\n<p><strong>Validade:<\/strong><br \/>\n7 a 10 dias \u2013 Quanto mais escuro maior a durabilidade.<\/p>\n<p><strong>Conserva\u00e7\u00e3o:<\/strong><br \/>\nSob refrigera\u00e7\u00e3o de 2 a 5\u00b0.<\/p>\n<p><strong>Informa\u00e7\u00e3o Nutricional:<\/strong><br \/>\nPor\u00e7\u00e3o de 100g. Quantidade por por\u00e7\u00e3o, % VD*. Valor energ\u00e9tico, 13 kcal = 53,37 kJ, 0,02%. Carboidratos 1,7g, 0,5%, Prote\u00edna 3,63g, 5%, Fibra 4g, 15% &#8211; N\u00e3o cont\u00e9m quantidades significativas de gorduras e s\u00f3dio.<br \/>\nN\u00e3o cont\u00e9m gl\u00faten.<\/p>\n<p><strong>Nosso SHIITAKE est\u00e1 dispon\u00edvel nas seguintes apresenta\u00e7\u00f5es:<\/strong><\/p>\n<ul>\n<li>Frescos (inteiros e fatiados);<\/li>\n<li>Ultracongelado;<\/li>\n<li>Desidratado;<\/li>\n<li>P\u00f3;<\/li>\n<li>Risoto;<\/li>\n<li>Temperos;<\/li>\n<li>Funcional.<\/li>\n<\/ul>\n<p>[\/vc_column_text][\/vc_column_inner][\/vc_row_inner][vc_row_inner css=&#8221;.vc_custom_1566842354357{margin-right: 10% !important;margin-left: 10% !important;border-top-width: 1px !important;border-right-width: 1px !important;border-bottom-width: 1px !important;border-left-width: 1px !important;padding-top: -15% !important;padding-right: -5% !important;padding-bottom: -15% !important;padding-left: -5% !important;background-color: rgba(215,64,46,0.04) !important;*background-color: rgb(215,64,46) !important;border-left-color: #d7402e !important;border-left-style: solid !important;border-right-color: #d7402e !important;border-right-style: solid !important;border-top-color: #d7402e !important;border-top-style: solid !important;border-bottom-color: #d7402e !important;border-bottom-style: solid !important;border-radius: 5px !important;}&#8221;][vc_column_inner][vc_column_text css=&#8221;.vc_custom_1566842633707{margin-top: -5% !important;}&#8221;]<\/p>\n<p style=\"text-align: center;\"><strong>Quer saber mais sobre o SHIITAKE?<\/strong><br \/>\nAcesse nosso blog e encontre dicas, receitas e muitas outras informa\u00e7\u00f5es.<\/p>\n<p>[\/vc_column_text][vc_single_image image=&#8221;4158&#8243; img_size=&#8221;full&#8221; alignment=&#8221;center&#8221; css=&#8221;.vc_custom_1566842576051{margin-top: -5% !important;margin-bottom: -1% !important;}&#8221;][\/vc_column_inner][\/vc_row_inner][\/vc_tta_section][\/vc_tta_tabs][\/vc_column][\/vc_row]<\/p>\n","protected":false},"excerpt":{"rendered":"<p>[vc_row][vc_column width=&#8221;1\/3&#8243;][vc_gallery type=&#8221;nivo&#8221; interval=&#8221;5&#8243; images=&#8221;3958,4509,4490&#8243; img_size=&#8221;full&#8221; onclick=&#8221;&#8221;][\/vc_column][vc_column width=&#8221;2\/3&#8243;][vc_tta_tabs][vc_tta_section title=&#8221;Shiitake (Lentinula edodes)&#8221; tab_id=&#8221;shiitake-lentinula-edodes&#8221;][vc_column_text] O shiitake \u00e9 um dos cogumelos mais vers\u00e1teis na cozinha sendo o 2\u00ba mais consumido no mundo. O sabor amadeirado e a textura carnuda se assemelham \u00e0 carne, facilitando a utiliza\u00e7\u00e3o em muitas receitas. Podem ser preparados refogados, recheados, grelhados inteiros, preparados no[&#8230;]<\/p>\n","protected":false},"author":1,"featured_media":0,"parent":3953,"menu_order":0,"comment_status":"closed","ping_status":"closed","template":"","meta":{"footnotes":"","_joinchat":[]},"aioseo_notices":[],"_links":{"self":[{"href":"https:\/\/www.quintadoscogumelos.com.br\/site\/wp-json\/wp\/v2\/pages\/3963"}],"collection":[{"href":"https:\/\/www.quintadoscogumelos.com.br\/site\/wp-json\/wp\/v2\/pages"}],"about":[{"href":"https:\/\/www.quintadoscogumelos.com.br\/site\/wp-json\/wp\/v2\/types\/page"}],"author":[{"embeddable":true,"href":"https:\/\/www.quintadoscogumelos.com.br\/site\/wp-json\/wp\/v2\/users\/1"}],"replies":[{"embeddable":true,"href":"https:\/\/www.quintadoscogumelos.com.br\/site\/wp-json\/wp\/v2\/comments?post=3963"}],"version-history":[{"count":0,"href":"https:\/\/www.quintadoscogumelos.com.br\/site\/wp-json\/wp\/v2\/pages\/3963\/revisions"}],"up":[{"embeddable":true,"href":"https:\/\/www.quintadoscogumelos.com.br\/site\/wp-json\/wp\/v2\/pages\/3953"}],"wp:attachment":[{"href":"https:\/\/www.quintadoscogumelos.com.br\/site\/wp-json\/wp\/v2\/media?parent=3963"}],"curies":[{"name":"wp","href":"https:\/\/api.w.org\/{rel}","templated":true}]}}